{"id":3108,"date":"2024-10-02T22:40:28","date_gmt":"2024-10-02T20:40:28","guid":{"rendered":"https:\/\/tintostudio.com\/?page_id=3108"},"modified":"2024-10-25T03:29:48","modified_gmt":"2024-10-25T01:29:48","slug":"elementor-3108","status":"publish","type":"page","link":"https:\/\/tintostudio.com\/?page_id=3108&lang=fr","title":{"rendered":"Elementor #3108"},"content":{"rendered":"\t\t<div data-elementor-type=\"wp-page\" data-elementor-id=\"3108\" class=\"elementor elementor-3108\">\n\t\t\t\t<div class=\"elementor-element elementor-element-1e2a335 e-flex e-con-boxed e-con e-parent\" data-id=\"1e2a335\" data-element_type=\"container\">\n\t\t\t\t\t<div class=\"e-con-inner\">\n\t\t\t\t<div class=\"elementor-element elementor-element-354183d elementor-widget elementor-widget-heading\" data-id=\"354183d\" data-element_type=\"widget\" data-widget_type=\"heading.default\">\n\t\t\t\t<div class=\"elementor-widget-container\">\n\t\t\t\t\t<h2 class=\"elementor-heading-title elementor-size-default\">\u00c9V\u00c9NEMENTS PRIV\u00c9S (Ateliers, entreprises).<\/h2>\t\t\t\t<\/div>\n\t\t\t\t<\/div>\n\t\t\t\t<div class=\"elementor-element elementor-element-e6b24d3 elementor-widget elementor-widget-heading\" data-id=\"e6b24d3\" data-element_type=\"widget\" data-widget_type=\"heading.default\">\n\t\t\t\t<div class=\"elementor-widget-container\">\n\t\t\t\t\t<h2 class=\"elementor-heading-title elementor-size-default\">DESCRIPTION:<br>\nExp\u00e9riences de d\u00e9gustation et d'assemblage de vin con\u00e7ues pour de grands groupes, parfaites pour des \u00e9v\u00e9nements d'entreprise, des c\u00e9l\u00e9brations sp\u00e9ciales ou des activit\u00e9s de team-building.<br><br>ADRESSE \u00c0 CHOISIR : \u00c0 Tinto Studio ou dans votre entreprise.\n\n<br><br>INCLUS:\n<br>-D\u00e9gustation guid\u00e9e d'une s\u00e9lection de trois vins diff\u00e9rents pour d\u00e9couvrir trois c\u00e9pages vari\u00e9s, permettant \u00e0 chaque participant d'\u00e9laborer son propre vin.\n<br>-Atelier d'assemblage de bouteilles, adapt\u00e9 pour de grands groupes.\n<br>-\u00c9tiquetage personnalis\u00e9 des bouteilles cr\u00e9\u00e9es.\n<br>-Amuse-bouches gourmands pour accompagner la d\u00e9gustation.\n<br><br>OPTIONNEL: Th\u00e8mes sp\u00e9cifiques ou personnalisation de l'\u00e9v\u00e9nement selon les int\u00e9r\u00eats du client (par exemple, accord vins et fromages, vins d'une r\u00e9gion sp\u00e9cifique, etc.).\n\n\n\n<br><br>DURATION: Flexible. <br> PRIX: \u00c0 d\u00e9terminer.<\/h2>\t\t\t\t<\/div>\n\t\t\t\t<\/div>\n\t\t\t\t\t<\/div>\n\t\t\t\t<\/div>\n\t\t\t\t<\/div>\n\t\t","protected":false},"excerpt":{"rendered":"<p>\u00c9V\u00c9NEMENTS PRIV\u00c9S (Ateliers, entreprises). DESCRIPTION: Exp\u00e9riences de d\u00e9gustation et d&rsquo;assemblage de vin con\u00e7ues pour de grands groupes, parfaites pour des \u00e9v\u00e9nements d&rsquo;entreprise, des c\u00e9l\u00e9brations sp\u00e9ciales ou des activit\u00e9s de team-building. ADRESSE \u00c0 CHOISIR : \u00c0 Tinto Studio ou dans votre entreprise. INCLUS: -D\u00e9gustation guid\u00e9e d&rsquo;une s\u00e9lection de trois vins diff\u00e9rents pour d\u00e9couvrir trois c\u00e9pages vari\u00e9s, [&hellip;]<\/p>\n","protected":false},"author":1,"featured_media":0,"parent":0,"menu_order":0,"comment_status":"closed","ping_status":"closed","template":"","meta":{"_uag_custom_page_level_css":"","site-sidebar-layout":"no-sidebar","site-content-layout":"page-builder","ast-site-content-layout":"full-width-container","site-content-style":"default","site-sidebar-style":"default","ast-global-header-display":"","ast-banner-title-visibility":"","ast-main-header-display":"","ast-hfb-above-header-display":"","ast-hfb-below-header-display":"","ast-hfb-mobile-header-display":"","site-post-title":"disabled","ast-breadcrumbs-content":"","ast-featured-img":"disabled","footer-sml-layout":"","theme-transparent-header-meta":"","adv-header-id-meta":"","stick-header-meta":"","header-above-stick-meta":"","header-main-stick-meta":"","header-below-stick-meta":"","astra-migrate-meta-layouts":"set","ast-page-background-enabled":"default","ast-page-background-meta":{"desktop":{"background-color":"var(--ast-global-color-4)","background-image":"","background-repeat":"repeat","background-position":"center center","background-size":"auto","background-attachment":"scroll","background-type":"","background-media":"","overlay-type":"","overlay-color":"","overlay-gradient":""},"tablet":{"background-color":"","background-image":"","background-repeat":"repeat","background-position":"center center","background-size":"auto","background-attachment":"scroll","background-type":"","background-media":"","overlay-type":"","overlay-color":"","overlay-gradient":""},"mobile":{"background-color":"","background-image":"","background-repeat":"repeat","background-position":"center center","background-size":"auto","background-attachment":"scroll","background-type":"","background-media":"","overlay-type":"","overlay-color":"","overlay-gradient":""}},"ast-content-background-meta":{"desktop":{"background-color":"var(--ast-global-color-5)","background-image":"","background-repeat":"repeat","background-position":"center center","background-size":"auto","background-attachment":"scroll","background-type":"","background-media":"","overlay-type":"","overlay-color":"","overlay-gradient":""},"tablet":{"background-color":"var(--ast-global-color-5)","background-image":"","background-repeat":"repeat","background-position":"center center","background-size":"auto","background-attachment":"scroll","background-type":"","background-media":"","overlay-type":"","overlay-color":"","overlay-gradient":""},"mobile":{"background-color":"var(--ast-global-color-5)","background-image":"","background-repeat":"repeat","background-position":"center center","background-size":"auto","background-attachment":"scroll","background-type":"","background-media":"","overlay-type":"","overlay-color":"","overlay-gradient":""}},"footnotes":""},"class_list":["post-3108","page","type-page","status-publish","hentry"],"uagb_featured_image_src":{"full":false,"thumbnail":false,"medium":false,"medium_large":false,"large":false,"1536x1536":false,"2048x2048":false},"uagb_author_info":{"display_name":"tintostudio.com","author_link":"https:\/\/tintostudio.com\/?author=1"},"uagb_comment_info":0,"uagb_excerpt":"\u00c9V\u00c9NEMENTS PRIV\u00c9S (Ateliers, entreprises). DESCRIPTION: Exp\u00e9riences de d\u00e9gustation et d&rsquo;assemblage de vin con\u00e7ues pour de grands groupes, parfaites pour des \u00e9v\u00e9nements d&rsquo;entreprise, des c\u00e9l\u00e9brations sp\u00e9ciales ou des activit\u00e9s de team-building. ADRESSE \u00c0 CHOISIR : \u00c0 Tinto Studio ou dans votre entreprise. INCLUS: -D\u00e9gustation guid\u00e9e d&rsquo;une s\u00e9lection de trois vins diff\u00e9rents pour d\u00e9couvrir trois c\u00e9pages vari\u00e9s,\u2026","_links":{"self":[{"href":"https:\/\/tintostudio.com\/index.php?rest_route=\/wp\/v2\/pages\/3108","targetHints":{"allow":["GET"]}}],"collection":[{"href":"https:\/\/tintostudio.com\/index.php?rest_route=\/wp\/v2\/pages"}],"about":[{"href":"https:\/\/tintostudio.com\/index.php?rest_route=\/wp\/v2\/types\/page"}],"author":[{"embeddable":true,"href":"https:\/\/tintostudio.com\/index.php?rest_route=\/wp\/v2\/users\/1"}],"replies":[{"embeddable":true,"href":"https:\/\/tintostudio.com\/index.php?rest_route=%2Fwp%2Fv2%2Fcomments&post=3108"}],"version-history":[{"count":16,"href":"https:\/\/tintostudio.com\/index.php?rest_route=\/wp\/v2\/pages\/3108\/revisions"}],"predecessor-version":[{"id":3259,"href":"https:\/\/tintostudio.com\/index.php?rest_route=\/wp\/v2\/pages\/3108\/revisions\/3259"}],"wp:attachment":[{"href":"https:\/\/tintostudio.com\/index.php?rest_route=%2Fwp%2Fv2%2Fmedia&parent=3108"}],"curies":[{"name":"wp","href":"https:\/\/api.w.org\/{rel}","templated":true}]}}